{"id":8063,"date":"2025-05-07T13:03:06","date_gmt":"2025-05-07T11:03:06","guid":{"rendered":"https:\/\/www.lelusso.com\/WP\/?page_id=8063"},"modified":"2025-05-07T13:03:06","modified_gmt":"2025-05-07T11:03:06","slug":"contact","status":"publish","type":"page","link":"http:\/\/www.lelusso.com\/WP\/contact\/","title":{"rendered":"Contact"},"content":{"rendered":"\r\n        \r\n\r\n                <form class=\"wpuf-form-add weforms-8045  wpuf-style\" action=\"\" method=\"post\"   id=\"\">\r\n\r\n            <ul class=\"wpuf-form form-label-above\">\r\n\r\n                        <li class=\"wpuf-el \" data-label=\"Custom HTML\">\r\n            <div class=\"wpuf-fields html_8045 wpuf__8045\" data-style=\"wpuf-style\">\r\n                <img data-opt-id=733707155  fetchpriority=\"high\" decoding=\"async\" width=200 src=\"https:\/\/mlk9coj3uppe.i.optimole.com\/w:200\/h:auto\/q:mauto\/f:best\/http:\/\/www.lelusso.com\/WP\/wp-content\/uploads\/2025\/05\/cropped-logo_lelusso_700_rvb-copie-1.png\">            <\/div>\r\n\r\n        <\/li>\r\n                <li class=\"wpuf-el \" data-label=\"Formulaire de contact\">\r\n            <div class=\"wpuf-section-wrap wpuf-fields section_8045 wpuf__8045\" data-style=\"wpuf-style\">\r\n                <h2 class=\"wpuf-section-title\">Formulaire de contact<\/h2>\r\n                <div class=\"wpuf-section-details\"><\/div>\r\n            <\/div>\r\n\r\n        <\/li>\r\n                <li class=\"wpuf-el nom_ field-size-large\" data-label=\"Nom:\">\r\n                    <div class=\"wpuf-label\">\r\n            <label for=\"nom__8045\">Nom: <span class=\"required\">*<\/span><\/label>\r\n        <\/div>\r\n        \r\n            <div class=\"wpuf-fields\">\r\n                <div class=\"wpuf-name-field-wrap format-first-last\" data-style=\"wpuf-style\">\r\n                    <div class=\"wpuf-name-field-first-name\">\r\n                        <input\r\n                            name=\"nom_[first]\"\r\n                            type=\"text\"\r\n                            placeholder=\"Pr\u00e9nom\"\r\n                            value=\"\"\r\n                            size=\"40\"\r\n                            data-required=\"yes\"\r\n                            data-type=\"text\"\r\n                            data-style=\"wpuf-style\"\r\n                            class=\"textfield wpuf_nom__8045\"\r\n                            autocomplete=\"given-name\"\r\n                        >\r\n                                                    <label class=\"wpuf-form-sub-label\" data-style=\"wpuf-style\">First<\/label>\r\n                                            <\/div>\r\n\r\n                                            <input type=\"hidden\" name=\"nom_[middle]\" value=\"\">\r\n                    \r\n                    <div class=\"wpuf-name-field-last-name\">\r\n                        <input\r\n                            name=\"nom_[last]\"\r\n                            type=\"text\" class=\"textfield\"\r\n                            placeholder=\"Nom\"\r\n                            value=\"\"\r\n                            size=\"40\"\r\n                            autocomplete=\"family-name\"\r\n                            data-style=\"wpuf-style\"\r\n                        >\r\n                                                    <label class=\"wpuf-form-sub-label\" data-style=\"wpuf-style\">Last<\/label>\r\n                                            <\/div>\r\n                <\/div>\r\n                            <\/div>\r\n        <\/li>\r\n                <li class=\"wpuf-el votre_adresse_mail_ field-size-medium\" data-label=\"Votre adresse mail:\">\r\n                    <div class=\"wpuf-label\">\r\n            <label for=\"votre_adresse_mail__8045\">Votre adresse mail: <span class=\"required\">*<\/span><\/label>\r\n        <\/div>\r\n        \r\n            <div class=\"wpuf-fields\">\r\n                <input\r\n                    id=\"votre_adresse_mail__8045\"\r\n                    type=\"email\"\r\n                    class=\"email  wpuf_votre_adresse_mail__8045\"\r\n                    data-duplicate=\"\"\r\n                    data-required=\"yes\"\r\n                    data-type=\"email\"\r\n                    data-style=\"wpuf-style\"\r\n                    name=\"votre_adresse_mail_\"\r\n                    placeholder=\"\"\r\n                    value=\"\"\r\n                    size=\"40\"\r\n                    autocomplete=\"email\"\r\n                \/>\r\n                            <\/div>\r\n        <\/li>\r\n                <li class=\"wpuf-el num_ro_de_t_l_phone_ field-size-small\" data-label=\"Num\u00e9ro de t\u00e9l\u00e9phone:\">\r\n                    <div class=\"wpuf-label\">\r\n            <label for=\"num_ro_de_t_l_phone__8045\">Num\u00e9ro de t\u00e9l\u00e9phone: <span class=\"required\">*<\/span><\/label>\r\n        <\/div>\r\n        \r\n            <div class=\"wpuf-fields\">\r\n                <input\r\n                    class=\"textfield wpuf_num_ro_de_t_l_phone__8045\"\r\n                    id=\"num_ro_de_t_l_phone__8045\"\r\n                    type=\"text\"\r\n                    data-duplicate=\"no\"\r\n                    data-required=\"yes\"\r\n                    data-type=\"text\" name=\"num_ro_de_t_l_phone_\"\r\n                    placeholder=\"\"\r\n                    value=\"\"\r\n                    size=\"13\"\r\n                    data-style=\"wpuf-style\"\r\n                \/>\r\n\r\n                <span class=\"wpuf-wordlimit-message wpuf-help\"><\/span>\r\n                            <\/div>\r\n                    <\/li>\r\n                <li class=\"wpuf-el votre_demande__ field-size-medium\" data-label=\"Votre demande: \">\r\n                    <div class=\"wpuf-label\">\r\n            <label for=\"votre_demande___8045\">Votre demande:  <span class=\"required\">*<\/span><\/label>\r\n        <\/div>\r\n                                    <div class=\"wpuf-fields\">\r\n            \r\n                                    <textarea\r\n                        class=\"textareafield  wpuf_votre_demande___8045\"\r\n                        id=\"votre_demande___8045\"\r\n                        name=\"votre_demande__\"\r\n                        data-required=\"yes\"\r\n                        data-type=\"textarea\"\r\n                        placeholder=\"\"\r\n                        rows=\"3\"\r\n                        cols=\"20\"\r\n                        data-style=\"wpuf-style\"\r\n                    ><\/textarea>\r\n                    <span class=\"wpuf-wordlimit-message wpuf-help\"><\/span>\r\n\r\n                \r\n                        <\/div><\/li>\r\n         <li class=\"wpuf-el recaptcha\" data-label=\"\">\r\n\r\n                    <div class=\"wpuf-label\">\r\n            <label for=\"recaptcha_0\"><\/label>\r\n        <\/div>\r\n        \r\n                <div class=\"wpuf-fields  wpuf_recaptcha_8045\">\r\n                    <script>\r\n                        function weformsRecaptchaCallback(token) {\r\n                            jQuery('[name=\"g-recaptcha-response\"]').val(token);\r\n                            jQuery('.weforms_submit_btn').attr('disabled',false).show();\r\n                            jQuery('.weforms_submit_btn_recaptcha').hide();\r\n                        }\r\n\r\n                        jQuery(document).ready( function($) {\r\n                            $('.weforms_submit_btn').attr('disabled',true);\r\n                        });\r\n                    <\/script>\r\n\r\n                    <input type=\"hidden\" name=\"g-recaptcha-response\">\r\n                \r\n                    <script src=\"https:\/\/www.google.com\/recaptcha\/api.js\"><\/script>\r\n                    <div id='recaptcha' data-theme=\"light\" class=\"g-recaptcha\" data-sitekey=\"6LfuQDErAAAAAGpD10gIIFLuAsCJlQ0_fLbeOyl_\" data-callback=\"weformsRecaptchaCallback\"><\/div>\r\n                \r\n                <\/div>\r\n\r\n            \r\n        <\/li>\r\n                <li class=\"wpuf-submit\">\r\n            <div class=\"wpuf-label\">\r\n                &nbsp;\r\n            <\/div>\r\n\r\n            <input type=\"hidden\" id=\"_wpnonce\" name=\"_wpnonce\" value=\"ef3ea54dcc\" \/><input type=\"hidden\" name=\"_wp_http_referer\" value=\"\/WP\/wp-json\/wp\/v2\/pages\/8063\" \/>\r\n            <input type=\"hidden\" name=\"form_id\" value=\"8045\">\r\n            <input type=\"hidden\" name=\"page_id\" value=\"8063\">\r\n            <input type=\"hidden\" name=\"action\" value=\"weforms_frontend_submit\">\r\n\r\n                            <input type=\"hidden\" name=\"weforms-front-report\" value=\"no\">\r\n            \r\n            \r\n                            <input type=\"submit\" class=\"weforms_submit_btn wpuf_submit_8045\" name=\"submit\" value=\"Envoyer\" \/>\r\n                    <\/li>\r\n                <\/ul>\r\n\r\n        <\/form>\r\n                \n","protected":false},"excerpt":{"rendered":"","protected":false},"author":1,"featured_media":0,"parent":0,"menu_order":0,"comment_status":"closed","ping_status":"closed","template":"","meta":{"footnotes":""},"jetpack_sharing_enabled":true,"_links":{"self":[{"href":"http:\/\/www.lelusso.com\/WP\/wp-json\/wp\/v2\/pages\/8063"}],"collection":[{"href":"http:\/\/www.lelusso.com\/WP\/wp-json\/wp\/v2\/pages"}],"about":[{"href":"http:\/\/www.lelusso.com\/WP\/wp-json\/wp\/v2\/types\/page"}],"author":[{"embeddable":true,"href":"http:\/\/www.lelusso.com\/WP\/wp-json\/wp\/v2\/users\/1"}],"replies":[{"embeddable":true,"href":"http:\/\/www.lelusso.com\/WP\/wp-json\/wp\/v2\/comments?post=8063"}],"version-history":[{"count":1,"href":"http:\/\/www.lelusso.com\/WP\/wp-json\/wp\/v2\/pages\/8063\/revisions"}],"predecessor-version":[{"id":8064,"href":"http:\/\/www.lelusso.com\/WP\/wp-json\/wp\/v2\/pages\/8063\/revisions\/8064"}],"wp:attachment":[{"href":"http:\/\/www.lelusso.com\/WP\/wp-json\/wp\/v2\/media?parent=8063"}],"curies":[{"name":"wp","href":"https:\/\/api.w.org\/{rel}","templated":true}]}}